{"id":17,"date":"2021-11-15T09:55:36","date_gmt":"2021-11-15T09:55:36","guid":{"rendered":"https:\/\/muelleart.com\/?page_id=17"},"modified":"2022-05-19T08:57:07","modified_gmt":"2022-05-19T08:57:07","slug":"sobre-el-artista","status":"publish","type":"page","link":"https:\/\/muelleart.com\/en\/sobre-el-artista\/","title":{"rendered":"About the artist"},"content":{"rendered":"<p>[et_pb_section fb_built=\u00bb1&#8243; admin_label=\u00bbHeader\u00bb _builder_version=\u00bb4.14.7&#8243; _module_preset=\u00bbdefault\u00bb background_color=\u00bbrgba(0,0,0,0.2)\u00bb background_color_gradient_direction=\u00bb90deg\u00bb background_image=\u00bbhttps:\/\/muelleart.com\/wp-content\/uploads\/2022\/02\/1987-Juan-Carlos-Arguello-Muelle-01@rojofoto.jpg\u00bb parallax=\u00bbon\u00bb parallax_method=\u00bboff\u00bb width=\u00bb100vw\u00bb max_width=\u00bb100vw\u00bb module_alignment=\u00bbcenter\u00bb custom_padding=\u00bb12vw||12vw||true|false\u00bb global_colors_info=\u00bb{}\u00bb][et_pb_row use_custom_gutter=\u00bbon\u00bb make_equal=\u00bbon\u00bb _builder_version=\u00bb4.14.7&#8243; _module_preset=\u00bbdefault\u00bb width=\u00bb90vw\u00bb max_width=\u00bb90vw\u00bb global_colors_info=\u00bb{}\u00bb][et_pb_column type=\u00bb4_4&#8243; _builder_version=\u00bb4.8.2&#8243; _module_preset=\u00bbdefault\u00bb global_colors_info=\u00bb{}\u00bb][et_pb_text _builder_version=\u00bb4.14.8&#8243; _module_preset=\u00bbd5dbb5d4-7ec7-4306-b6c5-1435f277faf4&#8243; text_font=\u00bbPoppins|700|||||||\u00bb text_text_color=\u00bb#FFFFFF\u00bb text_font_size=\u00bb4vw\u00bb text_line_height=\u00bb1.2em\u00bb header_font=\u00bbPoppins|700|||||||\u00bb header_text_color=\u00bb#FFFFFF\u00bb header_font_size=\u00bb2vw\u00bb header_line_height=\u00bb1.2em\u00bb header_5_font=\u00bbPoppins|700|||||||\u00bb header_5_text_color=\u00bb#FFFFFF\u00bb width=\u00bb64%\u00bb width_tablet=\u00bb\u00bb width_phone=\u00bb100%\u00bb width_last_edited=\u00bbon|phone\u00bb custom_margin=\u00bb||16px||false|false\u00bb text_font_size_tablet=\u00bb4vw\u00bb text_font_size_phone=\u00bb8vw\u00bb text_font_size_last_edited=\u00bbon|tablet\u00bb header_font_size_tablet=\u00bb3vw\u00bb header_font_size_phone=\u00bb3.7vw\u00bb header_font_size_last_edited=\u00bbon|phone\u00bb global_colors_info=\u00bb{}\u00bb]<\/p>\n<p><span>\u00abCuando pintas te sientes vivo y por un momento te olvidas de que eres masa&#8230;\u00bb<\/span><span><\/span><\/p>\n<h1><span><\/span><\/h1>\n<h1><span><\/span><\/h1>\n<h1><span>Juan Carlos Arg\u00fcello (Muelle), 1990.<\/span><\/h1>\n<p>[\/et_pb_text][\/et_pb_column][\/et_pb_row][\/et_pb_section][et_pb_section fb_built=\u00bb1&#8243; _builder_version=\u00bb4.14.7&#8243; _module_preset=\u00bbdefault\u00bb background_color=\u00bb#000000&#8243; background_enable_image=\u00bboff\u00bb parallax=\u00bbon\u00bb width=\u00bb100%\u00bb max_width=\u00bb100%\u00bb global_colors_info=\u00bb{}\u00bb][et_pb_row column_structure=\u00bb1_2,1_2&#8243; _builder_version=\u00bb4.14.7&#8243; _module_preset=\u00bbdefault\u00bb max_width=\u00bb80%\u00bb global_colors_info=\u00bb{}\u00bb][et_pb_column type=\u00bb1_2&#8243; _builder_version=\u00bb4.12.1&#8243; _module_preset=\u00bbdefault\u00bb global_colors_info=\u00bb{}\u00bb][et_pb_text _builder_version=\u00bb4.14.8&#8243; _module_preset=\u00bbdefault\u00bb text_font=\u00bbPoppins||||||||\u00bb text_text_color=\u00bb#FFFFFF\u00bb text_font_size=\u00bb1.2vw\u00bb text_line_height=\u00bb1.3em\u00bb link_font=\u00bbPoppins|700|||on||||\u00bb header_line_height=\u00bb1.2em\u00bb header_3_font=\u00bbPoppins||||||||\u00bb header_3_text_color=\u00bb#FFFFFF\u00bb header_3_line_height=\u00bb1.2em\u00bb header_5_text_color=\u00bb#FFFFFF\u00bb header_5_font_size=\u00bb1.4vw\u00bb header_5_line_height=\u00bb1.2em\u00bb text_orientation=\u00bbjustified\u00bb width=\u00bb100%\u00bb max_width=\u00bb100%\u00bb text_font_size_tablet=\u00bb2.6vw\u00bb text_font_size_phone=\u00bb4.7vw\u00bb text_font_size_last_edited=\u00bbon|phone\u00bb header_5_font_size_tablet=\u00bb1.4vw\u00bb header_5_font_size_phone=\u00bb17px\u00bb header_5_font_size_last_edited=\u00bbon|phone\u00bb text_orientation_tablet=\u00bbjustified\u00bb text_orientation_phone=\u00bbleft\u00bb text_orientation_last_edited=\u00bbon|phone\u00bb global_colors_info=\u00bb{}\u00bb]<\/p>\n<p><strong>Nacido en Madrid en 1965, Juan Carlos Arg\u00fcello, m\u00e1s conocido como Muelle,\u00a0es considerado\u00a0el primer escritor de\u00a0graffiti\u00a0espa\u00f1ol.\u00a0<\/strong><\/p>\n<p><span data-contrast=\"auto\">Hacia 1980<\/span><span data-contrast=\"auto\">, la<\/span><span data-contrast=\"auto\">\u00a0firma de Muelle comienza a dejarse ver\u00a0<\/span><span data-contrast=\"auto\">por los muros de las calles y estaciones de Metro de la ciudad de Madrid.<\/span><span data-contrast=\"none\">\u00a0<\/span><span>\u00a0<\/span><\/p>\n<p><span data-contrast=\"auto\">La ciudad, en plena\u00a0<\/span><span data-contrast=\"auto\">efervescencia ochentera<\/span><span data-contrast=\"auto\">,\u00a0<\/span><span data-contrast=\"auto\">adopt\u00f3 e hizo suya la r\u00fabrica<\/span><span data-contrast=\"auto\">\u00a0como\u00a0<\/span><span data-contrast=\"auto\">s\u00edmbolo\u00a0<\/span><span data-contrast=\"auto\">de la modernidad y transgresi\u00f3n que viv\u00edan sus calles.<strong>\u00a0<\/strong><\/span><strong>Juan Carlos fue pionero por su arte y por la identificaci\u00f3n de este como marca, lo que le llev\u00f3 en 1985 a registrar su firma: Muelle\u00ae.\u00a0<\/strong><\/p>\n<p><span data-contrast=\"auto\">Con el paso del tiempo el dise\u00f1o de la firma fue evolucionando, as\u00ed como los lugares donde la plasmaba, seleccionando ubicaciones con buena visibilidad, que no afearan<\/span><span data-contrast=\"auto\">\u00a0el paisaje urbano ni generasen un gasto respetando la propiedad privada, sentando as\u00ed\u00a0<\/span><span data-contrast=\"auto\">las\u00a0<\/span><span data-contrast=\"auto\">primeras<\/span><span data-contrast=\"auto\">\u00a0bases del\u00a0graffiti\u00a0en Espa\u00f1a<\/span><span data-contrast=\"auto\">.<\/span><span>\u00a0<\/span><\/p>\n<p><span data-contrast=\"auto\">En paralelo a su actividad en la calle, Juan Carlos realiz\u00f3 encargos para instituciones, empresas y particulares, adem\u00e1s de crear una importante colecci\u00f3n privada de\u00a0<\/span><span data-contrast=\"auto\">obras, expuestas<\/span><span data-contrast=\"auto\">\u00a0a lo largo de los\u00a0<\/span><span data-contrast=\"auto\">a\u00f1os\u00a0<\/span><span data-contrast=\"auto\">en diferentes museos,\u00a0<\/span><span data-contrast=\"auto\">salas de arte<\/span><span data-contrast=\"auto\">\u00a0y fundaciones<\/span><span data-contrast=\"auto\">.<\/span><span>\u00a0<\/span><\/p>\n<p><span data-contrast=\"auto\">Juan Carlos falleci\u00f3 en 1995 a causa de un c\u00e1ncer.\u00a0<\/span><\/p>\n<p><strong>Han pasado tres d\u00e9cadas en las que no ha cesado el reconocimiento popular a Muelle,\u00a0<\/strong><span data-contrast=\"auto\">entre lo m\u00e1s destacado figura\u00a0<\/span><span data-contrast=\"auto\">el nombramiento de una <a href=\"https:\/\/muelleart.com\/project\/plaza-de-juan-carlos-arguello-muelle\">p<\/a><\/span><span data-contrast=\"auto\"><a href=\"https:\/\/muelleart.com\/project\/plaza-de-juan-carlos-arguello-muelle\">laza de la Ciudad de Madrid<\/a> a su nombre,\u00a0<\/span><span data-contrast=\"auto\">la restauraci\u00f3n y conservaci\u00f3n de la firma de la <a href=\"https:\/\/muelleart.com\/project\/muelle-de-montera\">calle Montera<\/a><\/span><span data-contrast=\"auto\">,\u00a0<\/span><span data-contrast=\"auto\">y el reciente anuncio de la Comunidad de Madrid en el que sus obras ser\u00e1n expuestas en 2022 en la <a href=\"https:\/\/muelleart.com\/project\/proxima-estacion-muelle\">estaci\u00f3n de Metro de Campamento.<\/a><\/span><a href=\"https:\/\/muelleart.com\/project\/proxima-estacion-muelle\"><span>\u00a0<\/span><\/a><\/p>\n<p>[\/et_pb_text][\/et_pb_column][et_pb_column type=\u00bb1_2&#8243; _builder_version=\u00bb4.12.1&#8243; _module_preset=\u00bbdefault\u00bb global_colors_info=\u00bb{}\u00bb][et_pb_image src=\u00bbhttps:\/\/muelleart.com\/wp-content\/uploads\/2022\/02\/Artista-Muelle-Juan-Carlos-Arguello-Firma_fuente_muelleart.com_.jpg\u00bb title_text=\u00bbArtista-Muelle-Juan-Carlos-Arguello-Firma_fuente_muelleart.com\u00bb force_fullwidth=\u00bbon\u00bb align_tablet=\u00bbcenter\u00bb align_phone=\u00bb\u00bb align_last_edited=\u00bbon|phone\u00bb disabled_on=\u00bboff|on|off\u00bb _builder_version=\u00bb4.14.7&#8243; _module_preset=\u00bbdefault\u00bb width_tablet=\u00bb35vw\u00bb width_phone=\u00bb100vw\u00bb width_last_edited=\u00bbon|desktop\u00bb max_width_tablet=\u00bb35vw\u00bb max_width_phone=\u00bb100vw\u00bb max_width_last_edited=\u00bbon|phone\u00bb min_height=\u00bb53vw\u00bb min_height_tablet=\u00bb\u00bb min_height_phone=\u00bb\u00bb min_height_last_edited=\u00bbon|phone\u00bb height=\u00bb50vw\u00bb height_tablet=\u00bb\u00bb height_phone=\u00bb\u00bb height_last_edited=\u00bbon|desktop\u00bb module_alignment_tablet=\u00bb\u00bb module_alignment_phone=\u00bbcenter\u00bb module_alignment_last_edited=\u00bbon|phone\u00bb global_colors_info=\u00bb{}\u00bb][\/et_pb_image][\/et_pb_column][\/et_pb_row][\/et_pb_section][et_pb_section fb_built=\u00bb1&#8243; admin_label=\u00bbHero\u00bb _builder_version=\u00bb4.14.7&#8243; background_enable_image=\u00bboff\u00bb custom_padding=\u00bb0px|0px|0px|0px\u00bb global_colors_info=\u00bb{}\u00bb][et_pb_row column_structure=\u00bb1_2,1_2&#8243; use_custom_gutter=\u00bbon\u00bb gutter_width=\u00bb1&#8243; make_equal=\u00bbon\u00bb module_class=\u00bb et_pb_row_fullwidth\u00bb _builder_version=\u00bb4.14.8&#8243; background_color=\u00bb#000000&#8243; background_enable_image=\u00bboff\u00bb width=\u00bb100%\u00bb width_tablet=\u00bb100%\u00bb width_phone=\u00bb\u00bb width_last_edited=\u00bbon|desktop\u00bb max_width=\u00bb100%\u00bb max_width_tablet=\u00bb100%\u00bb max_width_phone=\u00bb\u00bb max_width_last_edited=\u00bbon|desktop\u00bb custom_padding=\u00bb0px||0px|\u00bb animation_direction=\u00bbtop\u00bb make_fullwidth=\u00bbon\u00bb global_colors_info=\u00bb{}\u00bb][et_pb_column type=\u00bb1_2&#8243; _builder_version=\u00bb4.14.7&#8243; background_enable_color=\u00bboff\u00bb background_image=\u00bbhttps:\/\/muelleart.com\/wp-content\/uploads\/2022\/02\/Muelle-Juan-Carlos-Arguello-Graffiti-ESDIR-La-Rioja_fuente_muelleart.com_.jpg\u00bb custom_padding=\u00bb|||\u00bb global_colors_info=\u00bb{}\u00bb custom_padding__hover=\u00bb|||\u00bb][\/et_pb_column][et_pb_column type=\u00bb1_2&#8243; _builder_version=\u00bb4.14.8&#8243; background_image=\u00bbhttps:\/\/muelleart.com\/wp-content\/uploads\/2022\/02\/ladrillos-muelle-muro.jpg\u00bb parallax=\u00bbon\u00bb custom_padding=\u00bb9%|8%|10%|8%|false|false\u00bb background_last_edited=\u00bbon|phone\u00bb global_colors_info=\u00bb{}\u00bb custom_padding__hover=\u00bb|||\u00bb][et_pb_text _builder_version=\u00bb4.14.8&#8243; _module_preset=\u00bbdefault\u00bb text_font=\u00bbPoppins||||||||\u00bb text_text_color=\u00bb#FFFFFF\u00bb text_font_size=\u00bb1.4vw\u00bb text_line_height=\u00bb1.1em\u00bb header_line_height=\u00bb1.2em\u00bb header_2_font=\u00bbPoppins|600|||||||\u00bb header_2_text_color=\u00bb#FFFFFF\u00bb header_2_font_size=\u00bb1.9vw\u00bb header_2_line_height=\u00bb1.1em\u00bb header_3_font=\u00bbPoppins||||||||\u00bb header_3_text_color=\u00bb#FFFFFF\u00bb header_3_font_size=\u00bb23px\u00bb header_3_line_height=\u00bb1.2em\u00bb display_conditions=\u00bbW10=\u00bb text_font_size_tablet=\u00bb1.3vw\u00bb text_font_size_phone=\u00bb17px\u00bb text_font_size_last_edited=\u00bbon|phone\u00bb header_2_font_size_tablet=\u00bb4vw\u00bb header_2_font_size_phone=\u00bb6vw\u00bb header_2_font_size_last_edited=\u00bbon|desktop\u00bb global_colors_info=\u00bb{}\u00bb]<\/p>\n<h2>Descubre parte de las obras de Muelle<\/h2>\n<p>[\/et_pb_text][et_pb_text _builder_version=\u00bb4.14.8&#8243; _module_preset=\u00bbdefault\u00bb text_font=\u00bbPoppins||||||||\u00bb text_text_color=\u00bb#FFFFFF\u00bb text_font_size=\u00bb1.2vw\u00bb text_line_height=\u00bb1.1em\u00bb header_line_height=\u00bb1.2em\u00bb header_2_font=\u00bbPoppins||||||||\u00bb header_2_text_color=\u00bb#FFFFFF\u00bb header_2_font_size=\u00bb2.5vw\u00bb header_2_line_height=\u00bb1.1em\u00bb header_3_font=\u00bbPoppins||||||||\u00bb header_3_text_color=\u00bb#FFFFFF\u00bb header_3_font_size=\u00bb23px\u00bb header_3_line_height=\u00bb1.2em\u00bb display_conditions=\u00bbW10=\u00bb text_font_size_tablet=\u00bb2.6vw\u00bb text_font_size_phone=\u00bb4.7vw\u00bb text_font_size_last_edited=\u00bbon|desktop\u00bb header_2_font_size_tablet=\u00bb1.5vw\u00bb header_2_font_size_phone=\u00bb17px\u00bb header_2_font_size_last_edited=\u00bbon|phone\u00bb text_orientation_tablet=\u00bb\u00bb text_orientation_phone=\u00bbleft\u00bb text_orientation_last_edited=\u00bbon|phone\u00bb global_colors_info=\u00bb{}\u00bb]<\/p>\n<p>Un artista que se adue\u00f1\u00f3 de las calles de Madrid con una extensa obra art\u00edstica que, sin ser consciente de ello, le convirti\u00f3 en un pionero y referente en el mundo del graffiti en Espa\u00f1a.<\/p>\n<p>[\/et_pb_text][et_pb_button button_url=\u00bbhttps:\/\/muelleart.com\/coleccion\u00bb button_text=\u00bbColecci\u00f3n\u00bb _builder_version=\u00bb4.14.7&#8243; _module_preset=\u00bbdefault\u00bb custom_button=\u00bbon\u00bb button_text_size=\u00bb1.2vw\u00bb button_text_color=\u00bb#FFFFFF\u00bb button_border_color=\u00bb#FFFFFF\u00bb button_border_radius=\u00bb0px\u00bb button_font=\u00bbPoppins||||||||\u00bb background_layout=\u00bbdark\u00bb custom_margin=\u00bb1vw||||false|false\u00bb custom_margin_tablet=\u00bb2vw||||false|false\u00bb custom_margin_phone=\u00bb3vw||||false|false\u00bb custom_margin_last_edited=\u00bbon|phone\u00bb custom_padding=\u00bb||||false|false\u00bb custom_padding_tablet=\u00bb1vw||||false|false\u00bb custom_padding_phone=\u00bb||||false|false\u00bb custom_padding_last_edited=\u00bbon|phone\u00bb button_text_size_tablet=\u00bb2.5vw\u00bb button_text_size_phone=\u00bb4.5vw\u00bb button_text_size_last_edited=\u00bbon|phone\u00bb global_colors_info=\u00bb{}\u00bb][\/et_pb_button][\/et_pb_column][\/et_pb_row][\/et_pb_section][et_pb_section fb_built=\u00bb1&#8243; custom_padding_last_edited=\u00bbon|desktop\u00bb disabled_on=\u00bboff|off|off\u00bb _builder_version=\u00bb4.14.8&#8243; _module_preset=\u00bbdefault\u00bb background_color=\u00bb#000000&#8243; background_enable_image=\u00bboff\u00bb parallax=\u00bbon\u00bb width=\u00bb100%\u00bb max_width=\u00bb100%\u00bb custom_padding=\u00bb||1vw||false|false\u00bb custom_padding_tablet=\u00bb||1vw||false|false\u00bb custom_padding_phone=\u00bb||1vw||false|false\u00bb global_colors_info=\u00bb{}\u00bb][et_pb_row column_structure=\u00bb1_2,1_2&#8243; custom_padding_last_edited=\u00bbon|phone\u00bb _builder_version=\u00bb4.14.8&#8243; _module_preset=\u00bbdefault\u00bb max_width=\u00bb80%\u00bb custom_padding_tablet=\u00bb\u00bb custom_padding_phone=\u00bb0vw||||false|false\u00bb global_colors_info=\u00bb{}\u00bb][et_pb_column type=\u00bb1_2&#8243; _builder_version=\u00bb4.12.1&#8243; _module_preset=\u00bbdefault\u00bb global_colors_info=\u00bb{}\u00bb][et_pb_text _builder_version=\u00bb4.14.8&#8243; _module_preset=\u00bbdefault\u00bb text_font=\u00bbPoppins||||||||\u00bb text_text_color=\u00bb#FFFFFF\u00bb text_font_size=\u00bb1.2vw\u00bb text_line_height=\u00bb1.1em\u00bb header_line_height=\u00bb1.2em\u00bb header_2_font=\u00bbPoppins|600|||||||\u00bb header_2_text_color=\u00bb#FFFFFF\u00bb header_2_font_size=\u00bb1.9vw\u00bb header_2_line_height=\u00bb1.1em\u00bb header_3_font=\u00bbPoppins||||||||\u00bb header_3_text_color=\u00bb#FFFFFF\u00bb header_3_font_size=\u00bb23px\u00bb header_3_line_height=\u00bb1.2em\u00bb display_conditions=\u00bbW10=\u00bb custom_padding=\u00bb3vw||||false|false\u00bb custom_padding_tablet=\u00bb3vw||||false|false\u00bb custom_padding_phone=\u00bb3vw||||false|false\u00bb custom_padding_last_edited=\u00bbon|desktop\u00bb text_font_size_tablet=\u00bb2.6vw\u00bb text_font_size_phone=\u00bb4.7vw\u00bb text_font_size_last_edited=\u00bbon|desktop\u00bb header_2_font_size_tablet=\u00bb4vw\u00bb header_2_font_size_phone=\u00bb6vw\u00bb header_2_font_size_last_edited=\u00bbon|desktop\u00bb global_colors_info=\u00bb{}\u00bb]<\/p>\n<h2><span data-contrast=\"auto\" class=\"TextRun SCXO165623966 BCX0\" xml:lang=\"ES\" lang=\"ES\"><span class=\"NormalTextRun SCXO165623966 BCX0\">De la firma a la pieza.<\/span><\/span><span class=\"EOP SCXO165623966 BCX0\">\u00a0<\/span><\/h2>\n<p>La firma de Muelle experiment\u00f3 a lo largo de su historia diferentes transformaciones, tanto en graf\u00eda como en estilo, hasta convertirse en la inconfundible marca que todos conocemos.<\/p>\n<p>[\/et_pb_text][et_pb_button button_url=\u00bbhttps:\/\/muelleart.com\/evolucion-de-la-firma\/\u00bb button_text=\u00bbSaber m\u00e1s\u00bb _builder_version=\u00bb4.14.8&#8243; _module_preset=\u00bbdefault\u00bb custom_button=\u00bbon\u00bb button_text_size=\u00bb1.2vw\u00bb button_text_color=\u00bb#FFFFFF\u00bb button_border_color=\u00bb#FFFFFF\u00bb button_border_radius=\u00bb0px\u00bb button_font=\u00bbPoppins||||||||\u00bb background_layout=\u00bbdark\u00bb custom_margin=\u00bb1vw||||false|false\u00bb custom_margin_tablet=\u00bb2vw||||false|false\u00bb custom_margin_phone=\u00bb3vw||||false|false\u00bb custom_margin_last_edited=\u00bbon|phone\u00bb custom_padding=\u00bb||||false|false\u00bb custom_padding_tablet=\u00bb1vw||||false|false\u00bb custom_padding_phone=\u00bb||||false|false\u00bb custom_padding_last_edited=\u00bbon|phone\u00bb button_text_size_tablet=\u00bb2.5vw\u00bb button_text_size_phone=\u00bb4.5vw\u00bb button_text_size_last_edited=\u00bbon|phone\u00bb global_colors_info=\u00bb{}\u00bb][\/et_pb_button][\/et_pb_column][et_pb_column type=\u00bb1_2&#8243; _builder_version=\u00bb4.12.1&#8243; _module_preset=\u00bbdefault\u00bb global_colors_info=\u00bb{}\u00bb][et_pb_image src=\u00bbhttps:\/\/muelleart.com\/wp-content\/uploads\/2022\/02\/Graffiti-Pieza-Muelle-Gasometro_fuente_muelleart.jpg\u00bb title_text=\u00bbGraffiti-Pieza-Muelle-Gasometro_fuente_muelleart\u00bb _builder_version=\u00bb4.14.8&#8243; _module_preset=\u00bbdefault\u00bb global_colors_info=\u00bb{}\u00bb][\/et_pb_image][\/et_pb_column][\/et_pb_row][\/et_pb_section][et_pb_section fb_built=\u00bb1&#8243; disabled_on=\u00bbon|on|on\u00bb _builder_version=\u00bb4.14.7&#8243; _module_preset=\u00bbdefault\u00bb background_color=\u00bb#000000&#8243; disabled=\u00bbon\u00bb global_colors_info=\u00bb{}\u00bb][et_pb_row column_structure=\u00bb1_2,1_2&#8243; _builder_version=\u00bb4.12.1&#8243; _module_preset=\u00bbdefault\u00bb global_colors_info=\u00bb{}\u00bb][et_pb_column type=\u00bb1_2&#8243; _builder_version=\u00bb4.12.1&#8243; _module_preset=\u00bbdefault\u00bb global_colors_info=\u00bb{}\u00bb][et_pb_image src=\u00bbhttps:\/\/muelleart.com\/wp-content\/uploads\/2022\/01\/Muelle-Juan-Carlos.jpg\u00bb title_text=\u00bbMuelle-Juan-Carlos\u00bb _builder_version=\u00bb4.14.7&#8243; max_height_tablet=\u00bb400px\u00bb max_height_phone=\u00bb\u00bb max_height_last_edited=\u00bbon|tablet\u00bb custom_margin_tablet=\u00bb40px||||false|false\u00bb custom_margin_phone=\u00bb\u00bb custom_margin_last_edited=\u00bbon|tablet\u00bb global_colors_info=\u00bb{}\u00bb][\/et_pb_image][\/et_pb_column][et_pb_column type=\u00bb1_2&#8243; _builder_version=\u00bb4.12.1&#8243; _module_preset=\u00bbdefault\u00bb global_colors_info=\u00bb{}\u00bb][et_pb_text _builder_version=\u00bb4.12.1&#8243; _module_preset=\u00bbdefault\u00bb text_font=\u00bbPoppins||||||||\u00bb text_text_color=\u00bb#FFFFFF\u00bb text_font_size=\u00bb20px\u00bb header_line_height=\u00bb1.2em\u00bb header_2_text_color=\u00bb#FFFFFF\u00bb header_3_font=\u00bbPoppins||||||||\u00bb header_3_text_color=\u00bb#FFFFFF\u00bb header_3_font_size=\u00bb23px\u00bb header_3_line_height=\u00bb1.2em\u00bb global_colors_info=\u00bb{}\u00bb]<\/p>\n<h2><strong>El arte de Muelle en formato digital<\/strong><\/h2>\n<p>Ahora puedes tener una peque\u00f1a parte del legado de Muelle gracias a la tecnolog\u00eda NFT.<\/p>\n<p>En el siguiente enlace te contamos c\u00f3mo puedes hacerlo.<\/p>\n<p>[\/et_pb_text][et_pb_button button_url=\u00bbhttps:\/\/muelleart.com\/shop\u00bb button_text=\u00bbTienda NFT\u00bb _builder_version=\u00bb4.12.1&#8243; _module_preset=\u00bbdefault\u00bb custom_button=\u00bbon\u00bb button_text_color=\u00bb#FFFFFF\u00bb button_border_color=\u00bb#FFFFFF\u00bb button_border_radius=\u00bb0px\u00bb button_font=\u00bbPoppins||||||||\u00bb background_layout=\u00bbdark\u00bb global_colors_info=\u00bb{}\u00bb][\/et_pb_button][\/et_pb_column][\/et_pb_row][\/et_pb_section][et_pb_section fb_built=\u00bb1&#8243; _builder_version=\u00bb4.14.7&#8243; _module_preset=\u00bbdefault\u00bb background_color=\u00bb#000000&#8243; custom_padding=\u00bb0vw||||false|false\u00bb global_colors_info=\u00bb{}\u00bb][et_pb_row _builder_version=\u00bb4.14.7&#8243; _module_preset=\u00bbdefault\u00bb width=\u00bb80vw\u00bb width_tablet=\u00bb80vw\u00bb width_phone=\u00bb80vw\u00bb width_last_edited=\u00bbon|desktop\u00bb max_width=\u00bb80vw\u00bb max_width_tablet=\u00bb80vw\u00bb max_width_phone=\u00bb80vw\u00bb max_width_last_edited=\u00bbon|desktop\u00bb global_colors_info=\u00bb{}\u00bb][et_pb_column type=\u00bb4_4&#8243; _builder_version=\u00bb4.14.7&#8243; _module_preset=\u00bbdefault\u00bb global_colors_info=\u00bb{}\u00bb][et_pb_slider show_arrows=\u00bboff\u00bb show_pagination=\u00bboff\u00bb use_bg_overlay=\u00bboff\u00bb arrows_custom_color=\u00bbRGBA(0,0,0,0)\u00bb dot_nav_custom_color=\u00bbRGBA(0,0,0,0)\u00bb module_class=\u00bbcustom-slider\u00bb _builder_version=\u00bb4.14.8&#8243; _module_preset=\u00bbdefault\u00bb header_font=\u00bbPoppins|700|||||||\u00bb header_font_size=\u00bb43px\u00bb body_font=\u00bbPoppins||||||||\u00bb custom_button=\u00bbon\u00bb button_text_size=\u00bb3vw\u00bb button_bg_color=\u00bbRGBA(0,0,0,0)\u00bb button_border_width=\u00bb1px\u00bb button_border_radius=\u00bb0px\u00bb button_font=\u00bbPoppins||||||||\u00bb button_icon=\u00bb&#x35;||divi||400&#8243; button_on_hover=\u00bboff\u00bb content_width=\u00bb70vw\u00bb content_width_tablet=\u00bb70vw\u00bb content_width_phone=\u00bb\u00bb content_width_last_edited=\u00bbon|phone\u00bb custom_padding=\u00bb5vw||5vw||true|false\u00bb custom_padding_tablet=\u00bb5vw||5vw||true|false\u00bb custom_padding_phone=\u00bb5vw||5vw||true|false\u00bb custom_padding_last_edited=\u00bbon|desktop\u00bb link_option_url=\u00bbhttps:\/\/muelleart.com\/blog\u00bb global_colors_info=\u00bb{}\u00bb button_border_width__hover_enabled=\u00bboff|hover\u00bb][et_pb_slide heading=\u00bbCuatro d\u00e9cadas de Muelle en un archivo documental \u00fanico.\u00bb button_text=\u00bbBlog\u00bb button_link=\u00bbhttps:\/\/muelleart.com\/blog\u00bb use_bg_overlay=\u00bbon\u00bb content_tablet=\u00bb<\/p>\n<p><strong>Han pasado m\u00e1s de 40 a\u00f1os desde que las calles de Madrid comenzaron a decorarse con la firma de Muelle. <\/strong><\/p>\n<p>\u00bb content_phone=\u00bb<\/p>\n<p>Han pasado m\u00e1s de 40 a\u00f1os desde que las calles de Madrid comenzaron a decorarse con la firma de Muelle.<\/p>\n<p>\u00bb content_last_edited=\u00bboff|desktop\u00bb _builder_version=\u00bb4.14.8&#8243; _module_preset=\u00bbdefault\u00bb header_level=\u00bbh2&#8243; header_font_size=\u00bb2.6vw\u00bb header_line_height=\u00bb1.3em\u00bb body_font=\u00bbPoppins||||||||\u00bb body_font_size=\u00bb1.3vw\u00bb body_line_height=\u00bb1.4em\u00bb background_enable_color=\u00bboff\u00bb background_image=\u00bbhttps:\/\/muelleart.com\/wp-content\/uploads\/2022\/02\/1987-Juan-Carlos-Arguello-Muelle-05-@rojofoto.es_.jpg\u00bb background_enable_image=\u00bbon\u00bb background_position=\u00bbbottom_right\u00bb custom_button=\u00bbon\u00bb button_text_size=\u00bb1.4vw\u00bb button_border_width=\u00bb2pt\u00bb button_border_color=\u00bb#FFFFFF\u00bb button_on_hover=\u00bboff\u00bb button_custom_margin_tablet=\u00bb\u00bb button_custom_margin_phone=\u00bb0vw||||false|false\u00bb button_custom_margin_last_edited=\u00bbon|phone\u00bb button_custom_padding=\u00bb0.6vw||||false|false\u00bb width_tablet=\u00bb\u00bb width_phone=\u00bb\u00bb width_last_edited=\u00bbon|desktop\u00bb header_text_align_tablet=\u00bbcenter\u00bb header_text_align_phone=\u00bb\u00bb header_text_align_last_edited=\u00bbon|phone\u00bb header_font_size_tablet=\u00bb3.9vw\u00bb header_font_size_phone=\u00bb5.9vw\u00bb header_font_size_last_edited=\u00bbon|tablet\u00bb body_text_align_tablet=\u00bb\u00bb body_text_align_phone=\u00bbleft\u00bb body_text_align_last_edited=\u00bbon|phone\u00bb body_font_size_tablet=\u00bb3vw\u00bb body_font_size_phone=\u00bb16px\u00bb body_font_size_last_edited=\u00bbon|phone\u00bb background_last_edited=\u00bbon|phone\u00bb background_image_phone=\u00bbhttps:\/\/muelleart.com\/wp-content\/uploads\/2022\/02\/1987-Juan-Carlos-Arguello-Muelle-05-@rojofoto.es_.jpg\u00bb background_enable_image_phone=\u00bbon\u00bb parallax_phone=\u00bboff\u00bb button_text_size_tablet=\u00bb2.5vw\u00bb button_text_size_phone=\u00bb4.5vw\u00bb button_text_size_last_edited=\u00bbon|phone\u00bb button_alignment_tablet=\u00bbcenter\u00bb button_alignment_phone=\u00bbcenter\u00bb button_alignment_last_edited=\u00bbon|phone\u00bb text_orientation_tablet=\u00bbcenter\u00bb text_orientation_phone=\u00bbcenter\u00bb text_orientation_last_edited=\u00bbon|tablet\u00bb global_colors_info=\u00bb{}\u00bb button_border_color__hover_enabled=\u00bbon|hover\u00bb button_border_color__hover=\u00bb#FFFFFF\u00bb sticky_transition=\u00bbon\u00bb][\/et_pb_slide][\/et_pb_slider][\/et_pb_column][\/et_pb_row][\/et_pb_section]<\/p>\n","protected":false},"excerpt":{"rendered":"<p>El madrile\u00f1o Juan Carlos Arg\u00fcello, m\u00e1s conocido como Muelle, es considerado el primer&#8230;<\/p>","protected":false},"author":1,"featured_media":2113,"parent":0,"menu_order":0,"comment_status":"closed","ping_status":"closed","template":"","meta":{"_et_pb_use_builder":"on","_et_pb_old_content":"<!-- wp:divi\/placeholder \/-->","_et_gb_content_width":"","inline_featured_image":false,"_monsterinsights_skip_tracking":false,"_monsterinsights_sitenote_active":false,"_monsterinsights_sitenote_note":"","_monsterinsights_sitenote_category":0,"pgc_sgb_lightbox_settings":"","footnotes":""},"class_list":["post-17","page","type-page","status-publish","has-post-thumbnail","hentry"],"aioseo_notices":[],"_links":{"self":[{"href":"https:\/\/muelleart.com\/en\/wp-json\/wp\/v2\/pages\/17","targetHints":{"allow":["GET"]}}],"collection":[{"href":"https:\/\/muelleart.com\/en\/wp-json\/wp\/v2\/pages"}],"about":[{"href":"https:\/\/muelleart.com\/en\/wp-json\/wp\/v2\/types\/page"}],"author":[{"embeddable":true,"href":"https:\/\/muelleart.com\/en\/wp-json\/wp\/v2\/users\/1"}],"replies":[{"embeddable":true,"href":"https:\/\/muelleart.com\/en\/wp-json\/wp\/v2\/comments?post=17"}],"version-history":[{"count":305,"href":"https:\/\/muelleart.com\/en\/wp-json\/wp\/v2\/pages\/17\/revisions"}],"predecessor-version":[{"id":3559,"href":"https:\/\/muelleart.com\/en\/wp-json\/wp\/v2\/pages\/17\/revisions\/3559"}],"wp:featuredmedia":[{"embeddable":true,"href":"https:\/\/muelleart.com\/en\/wp-json\/wp\/v2\/media\/2113"}],"wp:attachment":[{"href":"https:\/\/muelleart.com\/en\/wp-json\/wp\/v2\/media?parent=17"}],"curies":[{"name":"wp","href":"https:\/\/api.w.org\/{rel}","templated":true}]}}