{"id":182,"date":"2021-12-13T11:09:34","date_gmt":"2021-12-13T11:09:34","guid":{"rendered":"https:\/\/muelleart.com\/?page_id=182"},"modified":"2022-03-02T09:47:14","modified_gmt":"2022-03-02T09:47:14","slug":"coleccion","status":"publish","type":"page","link":"https:\/\/muelleart.com\/en\/coleccion\/","title":{"rendered":"Colection"},"content":{"rendered":"<p>[et_pb_section fb_built=\u00bb1&#8243; inner_shadow=\u00bbon\u00bb custom_padding_last_edited=\u00bbon|phone\u00bb admin_label=\u00bbHeader\u00bb _builder_version=\u00bb4.14.7&#8243; _module_preset=\u00bbdefault\u00bb background_color=\u00bbrgba(0,0,0,0.2)\u00bb background_color_gradient_direction=\u00bb90deg\u00bb background_image=\u00bbhttps:\/\/muelleart.com\/wp-content\/uploads\/2022\/02\/Muelle-Juan-Carlos-Arguello-Graffiti_fuente_muelleart.com_.jpg\u00bb background_position=\u00bbcenter_right\u00bb custom_margin_tablet=\u00bb\u00bb custom_margin_phone=\u00bb||||false|false\u00bb custom_margin_last_edited=\u00bbon|phone\u00bb custom_padding=\u00bb18vw||18vw||true|false\u00bb custom_padding_tablet=\u00bb18vw||18vw||true|false\u00bb custom_padding_phone=\u00bb||30vw||false|false\u00bb global_colors_info=\u00bb{}\u00bb][\/et_pb_section][et_pb_section fb_built=\u00bb1&#8243; disabled_on=\u00bbon|on|off\u00bb _builder_version=\u00bb4.14.7&#8243; _module_preset=\u00bbdefault\u00bb background_color=\u00bb#000000&#8243; background_enable_image=\u00bboff\u00bb custom_padding=\u00bb||||false|false\u00bb global_colors_info=\u00bb{}\u00bb][et_pb_row custom_padding_last_edited=\u00bbon|tablet\u00bb disabled_on=\u00bbon|on|off\u00bb _builder_version=\u00bb4.14.7&#8243; _module_preset=\u00bbdefault\u00bb custom_padding=\u00bb3vw||3vw||true|false\u00bb custom_padding_tablet=\u00bb0vw||||false|false\u00bb custom_padding_phone=\u00bb0vw||||false|false\u00bb global_colors_info=\u00bb{}\u00bb][et_pb_column type=\u00bb4_4&#8243; _builder_version=\u00bb4.14.7&#8243; _module_preset=\u00bbdefault\u00bb global_colors_info=\u00bb{}\u00bb][et_pb_text content_tablet=\u00bb<\/p>\n<p>La obra de Muelle est\u00e1 compuesta de gran variedad de trabajos. Los m\u00e1s conocidos hasta ahora son los graffiti realizados en la calle, pero tambi\u00e9n existen diferentes creaciones en interiores y otros soportes que pueden ser contemplados desde la galer\u00eda digital.<\/p>\n<p>\u00bb content_phone=\u00bb<\/p>\n<p><strong>La obra de Muelle est\u00e1 compuesta de gran variedad de trabajos. <\/strong><\/p>\n<p>Los m\u00e1s conocidos hasta ahora son los graffiti realizados en la calle, pero tambi\u00e9n existen diferentes creaciones en interiores y otros soportes que pueden ser contemplados desde la galer\u00eda digital.<\/p>\n<p>\u00bb content_last_edited=\u00bboff|tablet\u00bb _builder_version=\u00bb4.14.8&#8243; _module_preset=\u00bbdefault\u00bb text_font=\u00bbPoppins||||||||\u00bb text_text_color=\u00bb#FFFFFF\u00bb text_font_size=\u00bb1.3vw\u00bb text_line_height=\u00bb1.4em\u00bb header_line_height=\u00bb1.2em\u00bb header_3_font=\u00bbPoppins||||||||\u00bb header_3_text_color=\u00bb#FFFFFF\u00bb header_3_line_height=\u00bb1.2em\u00bb text_orientation=\u00bbcenter\u00bb width=\u00bb90%\u00bb module_alignment=\u00bbcenter\u00bb hover_enabled=\u00bb0&#8243; text_font_size_tablet=\u00bb2.6vw\u00bb text_font_size_phone=\u00bb4.8vw\u00bb text_font_size_last_edited=\u00bbon|phone\u00bb text_orientation_tablet=\u00bbcenter\u00bb text_orientation_phone=\u00bbleft\u00bb text_orientation_last_edited=\u00bbon|phone\u00bb global_colors_info=\u00bb{}\u00bb sticky_enabled=\u00bb0&#8243; header_font=\u00bbPoppins||||||||\u00bb header_font_size=\u00bb1.6vw\u00bb header_font_size_last_edited=\u00bbon|desktop\u00bb header_font_size_tablet=\u00bb2.8vw\u00bb header_font_size_phone=\u00bb5vw\u00bb header_text_color=\u00bb#FFFFFF\u00bb header_text_align_last_edited=\u00bbon|desktop\u00bb header_text_align=\u00bbcenter\u00bb header_text_align_phone=\u00bbleft\u00bb header_text_align_tablet=\u00bbcenter\u00bb]<\/p>\n<h1><strong>La obra de Muelle est\u00e1 compuesta de gran variedad de trabajos.<\/strong><\/h1>\n<p>Los m\u00e1s conocidos hasta ahora son los graffiti realizados en la calle, pero tambi\u00e9n existen diferentes creaciones en interiores y otros soportes que pueden ser contemplados desde la galer\u00eda digital.<\/p>\n<p>[\/et_pb_text][\/et_pb_column][\/et_pb_row][et_pb_row disabled_on=\u00bboff|off|on\u00bb _builder_version=\u00bb4.14.7&#8243; _module_preset=\u00bbdefault\u00bb width=\u00bb80vw\u00bb max_width=\u00bb80vw\u00bb global_colors_info=\u00bb{}\u00bb][et_pb_column type=\u00bb4_4&#8243; _builder_version=\u00bb4.12.1&#8243; _module_preset=\u00bbdefault\u00bb global_colors_info=\u00bb{}\u00bb][et_pb_image src=\u00bbhttps:\/\/muelleart.com\/wp-content\/uploads\/2022\/02\/Pieza-Muelle-MULAFEST-_fuente_Padu.jpg\u00bb title_text=\u00bbPieza-Muelle-MULAFEST-_fuente_Padu\u00bb disabled_on=\u00bboff|off|on\u00bb _builder_version=\u00bb4.14.7&#8243; _module_preset=\u00bbdefault\u00bb global_colors_info=\u00bb{}\u00bb][\/et_pb_image][et_pb_text _builder_version=\u00bb4.14.7&#8243; _module_preset=\u00bbdefault\u00bb text_font=\u00bbPoppins||||||||\u00bb text_text_color=\u00bb#FFFFFF\u00bb text_font_size=\u00bb1.2vw\u00bb text_line_height=\u00bb1.2em\u00bb header_text_color=\u00bb#000000&#8243; header_line_height=\u00bb1.2em\u00bb header_3_font=\u00bbPoppins|700|||||||\u00bb header_3_text_color=\u00bb#FFFFFF\u00bb header_3_font_size=\u00bb1.5vw\u00bb header_3_line_height=\u00bb1.2em\u00bb text_font_size_tablet=\u00bb2.6vw\u00bb text_font_size_phone=\u00bb4.8vw\u00bb text_font_size_last_edited=\u00bbon|phone\u00bb header_3_font_size_tablet=\u00bb4vw\u00bb header_3_font_size_phone=\u00bb6vw\u00bb header_3_font_size_last_edited=\u00bbon|phone\u00bb global_colors_info=\u00bb{}\u00bb]<\/p>\n<h3><u><b>Descubre sus obras<\/b><\/u><\/h3>\n<p>Aqu\u00ed puedes disfrutar de una galer\u00eda digital con algunos de los trabajos m\u00e1s relevantes del artista.<\/p>\n<p>En ella podr\u00e1s percibir la evoluci\u00f3n de sus obras, desde las firmas m\u00e1s sencillas hasta las piezas m\u00e1s elaboradas, que influyeron de forma decisiva en la historia del graffiti y el arte urbano.<\/p>\n<p>[\/et_pb_text][et_pb_button button_url=\u00bbhttps:\/\/muelleart.com\/galeria\u00bb button_text=\u00bbGaler\u00eda de obras\u00bb _builder_version=\u00bb4.14.7&#8243; _module_preset=\u00bbdefault\u00bb custom_button=\u00bbon\u00bb button_text_size=\u00bb1.2vw\u00bb button_text_color=\u00bb#FFFFFF\u00bb button_bg_color=\u00bbRGBA(255,255,255,0)\u00bb button_border_color=\u00bb#FFFFFF\u00bb button_border_radius=\u00bb0px\u00bb button_font=\u00bbPoppins||||||||\u00bb background_layout=\u00bbdark\u00bb custom_margin=\u00bb1vw||||false|false\u00bb custom_margin_tablet=\u00bb2vw||||false|false\u00bb custom_margin_phone=\u00bb3vw||||false|false\u00bb custom_margin_last_edited=\u00bbon|tablet\u00bb custom_padding=\u00bb||||false|false\u00bb button_text_size_tablet=\u00bb2.5vw\u00bb button_text_size_phone=\u00bb4.5vw\u00bb button_text_size_last_edited=\u00bbon|phone\u00bb global_colors_info=\u00bb{}\u00bb][\/et_pb_button][et_pb_image src=\u00bbhttps:\/\/muelleart.com\/wp-content\/uploads\/2022\/02\/Graffiti-Muelle-Montera-Madrid_fuente_muelleart.com_.jpg\u00bb title_text=\u00bbGraffiti-Muelle-Montera-Madrid_fuente_muelleart.com\u00bb disabled_on=\u00bboff|off|on\u00bb _builder_version=\u00bb4.14.7&#8243; _module_preset=\u00bbdefault\u00bb global_colors_info=\u00bb{}\u00bb][\/et_pb_image][et_pb_text _builder_version=\u00bb4.14.7&#8243; _module_preset=\u00bbdefault\u00bb text_font=\u00bbPoppins||||||||\u00bb text_text_color=\u00bb#FFFFFF\u00bb text_font_size=\u00bb1.3vw\u00bb text_line_height=\u00bb1.2em\u00bb header_line_height=\u00bb1.2em\u00bb header_3_font=\u00bbPoppins|700|||||||\u00bb header_3_text_color=\u00bb#FFFFFF\u00bb header_3_font_size=\u00bb1.5vw\u00bb header_3_line_height=\u00bb1.2em\u00bb text_font_size_tablet=\u00bb2.6vw\u00bb text_font_size_phone=\u00bb4.8vw\u00bb text_font_size_last_edited=\u00bbon|phone\u00bb header_3_font_size_tablet=\u00bb4vw\u00bb header_3_font_size_phone=\u00bb6vw\u00bb header_3_font_size_last_edited=\u00bbon|tablet\u00bb global_colors_info=\u00bb{}\u00bb]<\/p>\n<h3><u><b>Localiza sus trabajos<\/b><\/u><\/h3>\n<p>Ahora puedes conocer los lugares en los que actualmente se conservan obras de Muelle.<\/p>\n<p>Algunas de ellas pueden estar en colecciones privadas por lo que su visita puede estar sujeta a reservas.<\/p>\n<p>[\/et_pb_text][et_pb_button button_url=\u00bbhttps:\/\/muelleart.com\/find-me\u00bb button_text=\u00bbEncuentra sus trabajos\u00bb _builder_version=\u00bb4.14.8&#8243; _module_preset=\u00bbdefault\u00bb custom_button=\u00bbon\u00bb button_text_size=\u00bb1.2vw\u00bb button_text_color=\u00bb#FFFFFF\u00bb button_border_color=\u00bb#FFFFFF\u00bb button_border_radius=\u00bb0px\u00bb button_font=\u00bbPoppins||||||||\u00bb background_layout=\u00bbdark\u00bb custom_margin=\u00bb1vw||||false|false\u00bb custom_margin_tablet=\u00bb2vw||||false|false\u00bb custom_margin_phone=\u00bb3vw||||false|false\u00bb custom_margin_last_edited=\u00bbon|tablet\u00bb custom_padding=\u00bb||||false|false\u00bb button_text_size_tablet=\u00bb2.5vw\u00bb button_text_size_phone=\u00bb4.5vw\u00bb button_text_size_last_edited=\u00bbon|phone\u00bb global_colors_info=\u00bb{}\u00bb][\/et_pb_button][\/et_pb_column][\/et_pb_row][\/et_pb_section][et_pb_section fb_built=\u00bb1&#8243; disabled_on=\u00bboff|off|on\u00bb _builder_version=\u00bb4.14.7&#8243; _module_preset=\u00bbdefault\u00bb background_color=\u00bb#000000&#8243; background_enable_image=\u00bboff\u00bb custom_padding=\u00bb||||false|false\u00bb global_colors_info=\u00bb{}\u00bb][et_pb_row custom_padding_last_edited=\u00bbon|tablet\u00bb disabled_on=\u00bboff|off|on\u00bb _builder_version=\u00bb4.14.7&#8243; _module_preset=\u00bbdefault\u00bb custom_padding_tablet=\u00bb0vw||||false|false\u00bb custom_padding_phone=\u00bb0vw||||false|false\u00bb global_colors_info=\u00bb{}\u00bb][et_pb_column type=\u00bb4_4&#8243; _builder_version=\u00bb4.14.7&#8243; _module_preset=\u00bbdefault\u00bb global_colors_info=\u00bb{}\u00bb][et_pb_text content_tablet=\u00bb<\/p>\n<p>La obra de Muelle est\u00e1 compuesta de gran variedad de trabajos. Los m\u00e1s conocidos hasta ahora son los graffiti realizados en la calle, pero tambi\u00e9n existen diferentes creaciones en interiores y otros soportes que pueden ser contemplados desde la galer\u00eda digital.<\/p>\n<p>\u00bb content_phone=\u00bb<\/p>\n<p>La obra de Muelle est\u00e1 compuesta de gran variedad de trabajos. Los m\u00e1s conocidos hasta ahora son los graffiti realizados en la calle, pero tambi\u00e9n existen diferentes creaciones en interiores y otros soportes que pueden ser contemplados desde la galer\u00eda digital.<\/p>\n<p>\u00bb content_last_edited=\u00bbon|phone\u00bb _builder_version=\u00bb4.14.8&#8243; _module_preset=\u00bbdefault\u00bb text_font=\u00bbPoppins||||||||\u00bb text_text_color=\u00bb#FFFFFF\u00bb text_font_size=\u00bb1.3vw\u00bb text_line_height=\u00bb1.4em\u00bb header_line_height=\u00bb1.2em\u00bb header_3_font=\u00bbPoppins||||||||\u00bb header_3_text_color=\u00bb#FFFFFF\u00bb header_3_line_height=\u00bb1.2em\u00bb text_orientation=\u00bbcenter\u00bb width=\u00bb90%\u00bb module_alignment=\u00bbcenter\u00bb text_font_size_tablet=\u00bb2.6vw\u00bb text_font_size_phone=\u00bb4.8vw\u00bb text_font_size_last_edited=\u00bbon|tablet\u00bb text_orientation_tablet=\u00bbcenter\u00bb text_orientation_phone=\u00bbleft\u00bb text_orientation_last_edited=\u00bbon|phone\u00bb global_colors_info=\u00bb{}\u00bb]<\/p>\n<p>La obra de Muelle est\u00e1 compuesta de gran variedad de trabajos. Los m\u00e1s conocidos hasta ahora son los graffiti realizados en la calle, pero tambi\u00e9n existen diferentes creaciones en interiores y otros soportes que pueden ser contemplados desde la galer\u00eda digital.<\/p>\n<p>[\/et_pb_text][\/et_pb_column][\/et_pb_row][et_pb_row _builder_version=\u00bb4.14.7&#8243; _module_preset=\u00bbdefault\u00bb width=\u00bb80vw\u00bb max_width=\u00bb80vw\u00bb global_colors_info=\u00bb{}\u00bb][et_pb_column type=\u00bb4_4&#8243; _builder_version=\u00bb4.12.1&#8243; _module_preset=\u00bbdefault\u00bb global_colors_info=\u00bb{}\u00bb][et_pb_image src=\u00bbhttps:\/\/muelleart.com\/wp-content\/uploads\/2022\/02\/Pieza-Muelle-MULAFEST-_fuente_Padu.jpg\u00bb title_text=\u00bbPieza-Muelle-MULAFEST-_fuente_Padu\u00bb disabled_on=\u00bboff|off|on\u00bb _builder_version=\u00bb4.14.7&#8243; _module_preset=\u00bbdefault\u00bb global_colors_info=\u00bb{}\u00bb][\/et_pb_image][et_pb_text _builder_version=\u00bb4.14.8&#8243; _module_preset=\u00bbdefault\u00bb text_font=\u00bbPoppins||||||||\u00bb text_text_color=\u00bb#FFFFFF\u00bb text_font_size=\u00bb1.2vw\u00bb text_line_height=\u00bb1.2em\u00bb header_text_color=\u00bb#000000&#8243; header_line_height=\u00bb1.2em\u00bb header_3_font=\u00bbPoppins|700|||||||\u00bb header_3_text_color=\u00bb#FFFFFF\u00bb header_3_font_size=\u00bb1.5vw\u00bb header_3_line_height=\u00bb1.2em\u00bb text_font_size_tablet=\u00bb2.6vw\u00bb text_font_size_phone=\u00bb4.7vw\u00bb text_font_size_last_edited=\u00bbon|phone\u00bb header_3_font_size_tablet=\u00bb4vw\u00bb header_3_font_size_phone=\u00bb6vw\u00bb header_3_font_size_last_edited=\u00bbon|phone\u00bb text_orientation_tablet=\u00bb\u00bb text_orientation_phone=\u00bbleft\u00bb text_orientation_last_edited=\u00bbon|phone\u00bb global_colors_info=\u00bb{}\u00bb]<\/p>\n<h3><u><b>Descubre sus obras<\/b><\/u><\/h3>\n<p>Aqu\u00ed puedes disfrutar de una galer\u00eda digital con algunos de los trabajos m\u00e1s relevantes del artista.<\/p>\n<p>En ella podr\u00e1s percibir la evoluci\u00f3n de sus obras, desde las firmas m\u00e1s sencillas hasta las piezas m\u00e1s elaboradas, que influyeron de forma decisiva en la historia del graffiti y el arte urbano.<\/p>\n<p>[\/et_pb_text][et_pb_button button_url=\u00bbhttps:\/\/muelleart.com\/galeria\u00bb button_text=\u00bbGaler\u00eda de obras\u00bb _builder_version=\u00bb4.14.7&#8243; _module_preset=\u00bbdefault\u00bb custom_button=\u00bbon\u00bb button_text_size=\u00bb1.2vw\u00bb button_text_color=\u00bb#FFFFFF\u00bb button_bg_color=\u00bbRGBA(255,255,255,0)\u00bb button_border_color=\u00bb#FFFFFF\u00bb button_border_radius=\u00bb0px\u00bb button_font=\u00bbPoppins||||||||\u00bb background_layout=\u00bbdark\u00bb custom_margin=\u00bb1vw||||false|false\u00bb custom_margin_tablet=\u00bb2vw||||false|false\u00bb custom_margin_phone=\u00bb3vw||||false|false\u00bb custom_margin_last_edited=\u00bbon|tablet\u00bb custom_padding=\u00bb||||false|false\u00bb button_text_size_tablet=\u00bb2.5vw\u00bb button_text_size_phone=\u00bb4.5vw\u00bb button_text_size_last_edited=\u00bbon|phone\u00bb global_colors_info=\u00bb{}\u00bb][\/et_pb_button][et_pb_image src=\u00bbhttps:\/\/muelleart.com\/wp-content\/uploads\/2022\/02\/Graffiti-Muelle-Montera-Madrid_fuente_muelleart.com_.jpg\u00bb title_text=\u00bbGraffiti-Muelle-Montera-Madrid_fuente_muelleart.com\u00bb disabled_on=\u00bboff|off|on\u00bb _builder_version=\u00bb4.14.7&#8243; _module_preset=\u00bbdefault\u00bb global_colors_info=\u00bb{}\u00bb][\/et_pb_image][et_pb_text _builder_version=\u00bb4.14.8&#8243; _module_preset=\u00bbdefault\u00bb text_font=\u00bbPoppins||||||||\u00bb text_text_color=\u00bb#FFFFFF\u00bb text_font_size=\u00bb1.3vw\u00bb text_line_height=\u00bb1.2em\u00bb header_line_height=\u00bb1.2em\u00bb header_3_font=\u00bbPoppins|700|||||||\u00bb header_3_text_color=\u00bb#FFFFFF\u00bb header_3_font_size=\u00bb1.5vw\u00bb header_3_line_height=\u00bb1.2em\u00bb text_font_size_tablet=\u00bb2.6vw\u00bb text_font_size_phone=\u00bb4.7vw\u00bb text_font_size_last_edited=\u00bbon|phone\u00bb header_3_font_size_tablet=\u00bb4vw\u00bb header_3_font_size_phone=\u00bb6vw\u00bb header_3_font_size_last_edited=\u00bbon|tablet\u00bb text_orientation_tablet=\u00bb\u00bb text_orientation_phone=\u00bbleft\u00bb text_orientation_last_edited=\u00bbon|phone\u00bb global_colors_info=\u00bb{}\u00bb]<\/p>\n<h3><u><b>Localiza sus trabajos<\/b><\/u><\/h3>\n<p>Ahora puedes conocer los lugares en los que actualmente se conservan obras de Muelle.<\/p>\n<p>Algunas de ellas pueden estar en colecciones privadas por lo que su visita puede estar sujeta a reservas.<\/p>\n<p>[\/et_pb_text][et_pb_button button_url=\u00bbhttps:\/\/muelleart.com\/find-me\u00bb button_text=\u00bbEncuentra sus trabajos\u00bb _builder_version=\u00bb4.14.8&#8243; _module_preset=\u00bbdefault\u00bb custom_button=\u00bbon\u00bb button_text_size=\u00bb1.2vw\u00bb button_text_color=\u00bb#FFFFFF\u00bb button_border_color=\u00bb#FFFFFF\u00bb button_border_radius=\u00bb0px\u00bb button_font=\u00bbPoppins||||||||\u00bb background_layout=\u00bbdark\u00bb custom_margin=\u00bb1vw||||false|false\u00bb custom_margin_tablet=\u00bb2vw||||false|false\u00bb custom_margin_phone=\u00bb3vw||||false|false\u00bb custom_margin_last_edited=\u00bbon|tablet\u00bb custom_padding=\u00bb||||false|false\u00bb button_text_size_tablet=\u00bb2.5vw\u00bb button_text_size_phone=\u00bb4.5vw\u00bb button_text_size_last_edited=\u00bbon|phone\u00bb global_colors_info=\u00bb{}\u00bb][\/et_pb_button][\/et_pb_column][\/et_pb_row][\/et_pb_section][et_pb_section fb_built=\u00bb1&#8243; disabled_on=\u00bbon|on|off\u00bb admin_label=\u00bbHero\u00bb _builder_version=\u00bb4.14.7&#8243; custom_padding=\u00bb0px|0px|0px|0px\u00bb global_colors_info=\u00bb{}\u00bb][et_pb_row column_structure=\u00bb1_2,1_2&#8243; use_custom_gutter=\u00bbon\u00bb gutter_width=\u00bb1&#8243; make_equal=\u00bbon\u00bb module_class=\u00bb et_pb_row_fullwidth\u00bb _builder_version=\u00bb4.14.7&#8243; background_color=\u00bb#000000&#8243; background_enable_image=\u00bboff\u00bb width=\u00bb100%\u00bb width_tablet=\u00bb100%\u00bb width_phone=\u00bb\u00bb width_last_edited=\u00bbon|desktop\u00bb max_width=\u00bb100%\u00bb max_width_tablet=\u00bb100%\u00bb max_width_phone=\u00bb\u00bb max_width_last_edited=\u00bbon|desktop\u00bb custom_padding=\u00bb0px||0px|\u00bb animation_direction=\u00bbtop\u00bb make_fullwidth=\u00bbon\u00bb global_colors_info=\u00bb{}\u00bb][et_pb_column type=\u00bb1_2&#8243; _builder_version=\u00bb4.14.7&#8243; background_enable_color=\u00bboff\u00bb background_image=\u00bbhttps:\/\/muelleart.com\/wp-content\/uploads\/2022\/02\/Pieza-Muelle-MULAFEST-_fuente_Padu.jpg\u00bb custom_padding=\u00bb|||\u00bb global_colors_info=\u00bb{}\u00bb custom_padding__hover=\u00bb|||\u00bb][\/et_pb_column][et_pb_column type=\u00bb1_2&#8243; _builder_version=\u00bb4.5.1&#8243; custom_padding=\u00bb9%|8%|10%|8%|false|false\u00bb global_colors_info=\u00bb{}\u00bb custom_padding__hover=\u00bb|||\u00bb][et_pb_text _builder_version=\u00bb4.14.8&#8243; _module_preset=\u00bbdefault\u00bb text_font=\u00bbPoppins||||||||\u00bb text_text_color=\u00bb#FFFFFF\u00bb text_font_size=\u00bb1.2vw\u00bb text_line_height=\u00bb1.2em\u00bb header_text_color=\u00bb#000000&#8243; header_line_height=\u00bb1.2em\u00bb header_3_font=\u00bbPoppins|700|||||||\u00bb header_3_text_color=\u00bb#FFFFFF\u00bb header_3_font_size=\u00bb1.5vw\u00bb header_3_line_height=\u00bb1.2em\u00bb text_orientation=\u00bbjustified\u00bb text_font_size_tablet=\u00bb1.3vw\u00bb text_font_size_phone=\u00bb4.8vw\u00bb text_font_size_last_edited=\u00bbon|phone\u00bb header_3_font_size_tablet=\u00bb1.5vw\u00bb header_3_font_size_phone=\u00bb6vw\u00bb header_3_font_size_last_edited=\u00bbon|phone\u00bb global_colors_info=\u00bb{}\u00bb]<\/p>\n<h3><u><b>Descubre sus obras<\/b><\/u><\/h3>\n<p>Aqu\u00ed puedes disfrutar de una galer\u00eda digital con algunos de los trabajos m\u00e1s relevantes del artista.<\/p>\n<p>En ella podr\u00e1s percibir la evoluci\u00f3n de sus obras, desde las firmas m\u00e1s sencillas hasta las piezas m\u00e1s elaboradas, que influyeron de forma decisiva en la historia del graffiti y el arte urbano.<\/p>\n<p>[\/et_pb_text][et_pb_button button_url=\u00bbhttps:\/\/muelleart.com\/galeria\u00bb button_text=\u00bbGaler\u00eda de obras\u00bb _builder_version=\u00bb4.14.7&#8243; _module_preset=\u00bbdefault\u00bb custom_button=\u00bbon\u00bb button_text_size=\u00bb1.2vw\u00bb button_text_color=\u00bb#FFFFFF\u00bb button_bg_color=\u00bbRGBA(255,255,255,0)\u00bb button_border_color=\u00bb#FFFFFF\u00bb button_border_radius=\u00bb0px\u00bb button_font=\u00bbPoppins||||||||\u00bb background_layout=\u00bbdark\u00bb custom_margin=\u00bb1vw||||false|false\u00bb custom_margin_tablet=\u00bb2vw||||false|false\u00bb custom_margin_phone=\u00bb3vw||||false|false\u00bb custom_margin_last_edited=\u00bbon|tablet\u00bb custom_padding=\u00bb||||false|false\u00bb button_text_size_tablet=\u00bb2.5vw\u00bb button_text_size_phone=\u00bb4.5vw\u00bb button_text_size_last_edited=\u00bbon|phone\u00bb global_colors_info=\u00bb{}\u00bb][\/et_pb_button][\/et_pb_column][\/et_pb_row][\/et_pb_section][et_pb_section fb_built=\u00bb1&#8243; disabled_on=\u00bbon|on|off\u00bb admin_label=\u00bbHero\u00bb _builder_version=\u00bb4.14.7&#8243; custom_padding=\u00bb0px|0px|0px|0px\u00bb global_colors_info=\u00bb{}\u00bb][et_pb_row column_structure=\u00bb1_2,1_2&#8243; use_custom_gutter=\u00bbon\u00bb gutter_width=\u00bb1&#8243; make_equal=\u00bbon\u00bb module_class=\u00bb et_pb_row_fullwidth\u00bb _builder_version=\u00bb4.14.7&#8243; background_color=\u00bb#000000&#8243; background_enable_image=\u00bboff\u00bb width=\u00bb100%\u00bb width_tablet=\u00bb100%\u00bb width_phone=\u00bb\u00bb width_last_edited=\u00bbon|desktop\u00bb max_width=\u00bb100%\u00bb max_width_tablet=\u00bb100%\u00bb max_width_phone=\u00bb\u00bb max_width_last_edited=\u00bbon|desktop\u00bb custom_padding=\u00bb0px||0px|\u00bb animation_direction=\u00bbtop\u00bb make_fullwidth=\u00bbon\u00bb global_colors_info=\u00bb{}\u00bb][et_pb_column type=\u00bb1_2&#8243; _builder_version=\u00bb4.5.1&#8243; custom_padding=\u00bb9%|8%|10%|8%|false|false\u00bb global_colors_info=\u00bb{}\u00bb custom_padding__hover=\u00bb|||\u00bb][et_pb_text _builder_version=\u00bb4.14.8&#8243; _module_preset=\u00bbdefault\u00bb text_font=\u00bbPoppins||||||||\u00bb text_text_color=\u00bb#FFFFFF\u00bb text_font_size=\u00bb1.3vw\u00bb text_line_height=\u00bb1.2em\u00bb header_line_height=\u00bb1.2em\u00bb header_3_font=\u00bbPoppins|700|||||||\u00bb header_3_text_color=\u00bb#FFFFFF\u00bb header_3_font_size=\u00bb1.5vw\u00bb header_3_line_height=\u00bb1.2em\u00bb text_orientation=\u00bbjustified\u00bb text_font_size_tablet=\u00bb2.6vw\u00bb text_font_size_phone=\u00bb4.8vw\u00bb text_font_size_last_edited=\u00bbon|phone\u00bb header_3_font_size_tablet=\u00bb4vw\u00bb header_3_font_size_phone=\u00bb6vw\u00bb header_3_font_size_last_edited=\u00bbon|tablet\u00bb global_colors_info=\u00bb{}\u00bb]<\/p>\n<h3><u><b>Localiza sus trabajos<\/b><\/u><\/h3>\n<p>Ahora puedes conocer los lugares en los que actualmente se conservan obras de Muelle.<\/p>\n<p>Algunas de ellas pueden estar en colecciones privadas por lo que su visita puede estar sujeta a reservas.<\/p>\n<p>[\/et_pb_text][et_pb_button button_url=\u00bbhttps:\/\/muelleart.com\/find-me\/\u00bb button_text=\u00bbEncuentra sus trabajos\u00bb _builder_version=\u00bb4.14.8&#8243; _module_preset=\u00bbdefault\u00bb custom_button=\u00bbon\u00bb button_text_size=\u00bb1.2vw\u00bb button_text_color=\u00bb#FFFFFF\u00bb button_border_color=\u00bb#FFFFFF\u00bb button_border_radius=\u00bb0px\u00bb button_font=\u00bbPoppins||||||||\u00bb background_layout=\u00bbdark\u00bb custom_margin=\u00bb1vw||||false|false\u00bb custom_margin_tablet=\u00bb2vw||||false|false\u00bb custom_margin_phone=\u00bb3vw||||false|false\u00bb custom_margin_last_edited=\u00bbon|tablet\u00bb custom_padding=\u00bb||||false|false\u00bb button_text_size_tablet=\u00bb2.5vw\u00bb button_text_size_phone=\u00bb4.5vw\u00bb button_text_size_last_edited=\u00bbon|phone\u00bb global_colors_info=\u00bb{}\u00bb][\/et_pb_button][\/et_pb_column][et_pb_column type=\u00bb1_2&#8243; _builder_version=\u00bb4.14.7&#8243; background_image=\u00bbhttps:\/\/muelleart.com\/wp-content\/uploads\/2022\/02\/Muelle-Montera_foto-cedida-por-Jose-Miguel-Granja.jpg\u00bb custom_padding=\u00bb|||\u00bb global_colors_info=\u00bb{}\u00bb custom_padding__hover=\u00bb|||\u00bb][\/et_pb_column][\/et_pb_row][\/et_pb_section]<\/p>\n","protected":false},"excerpt":{"rendered":"<p>Descubre los trabajos m\u00e1s importantes de Muelle, ahora reunidos en su \u00fanica galer\u00eda de arte oficial en formato digital.<\/p>","protected":false},"author":1,"featured_media":2167,"parent":0,"menu_order":0,"comment_status":"closed","ping_status":"closed","template":"","meta":{"_et_pb_use_builder":"on","_et_pb_old_content":"","_et_gb_content_width":"","inline_featured_image":false,"_monsterinsights_skip_tracking":false,"_monsterinsights_sitenote_active":false,"_monsterinsights_sitenote_note":"","_monsterinsights_sitenote_category":0,"pgc_sgb_lightbox_settings":"","footnotes":""},"class_list":["post-182","page","type-page","status-publish","has-post-thumbnail","hentry"],"aioseo_notices":[],"_links":{"self":[{"href":"https:\/\/muelleart.com\/en\/wp-json\/wp\/v2\/pages\/182","targetHints":{"allow":["GET"]}}],"collection":[{"href":"https:\/\/muelleart.com\/en\/wp-json\/wp\/v2\/pages"}],"about":[{"href":"https:\/\/muelleart.com\/en\/wp-json\/wp\/v2\/types\/page"}],"author":[{"embeddable":true,"href":"https:\/\/muelleart.com\/en\/wp-json\/wp\/v2\/users\/1"}],"replies":[{"embeddable":true,"href":"https:\/\/muelleart.com\/en\/wp-json\/wp\/v2\/comments?post=182"}],"version-history":[{"count":142,"href":"https:\/\/muelleart.com\/en\/wp-json\/wp\/v2\/pages\/182\/revisions"}],"predecessor-version":[{"id":3022,"href":"https:\/\/muelleart.com\/en\/wp-json\/wp\/v2\/pages\/182\/revisions\/3022"}],"wp:featuredmedia":[{"embeddable":true,"href":"https:\/\/muelleart.com\/en\/wp-json\/wp\/v2\/media\/2167"}],"wp:attachment":[{"href":"https:\/\/muelleart.com\/en\/wp-json\/wp\/v2\/media?parent=182"}],"curies":[{"name":"wp","href":"https:\/\/api.w.org\/{rel}","templated":true}]}}