{"id":25,"date":"2021-11-15T09:56:57","date_gmt":"2021-11-15T09:56:57","guid":{"rendered":"https:\/\/muelleart.com\/?page_id=25"},"modified":"2022-03-18T08:26:29","modified_gmt":"2022-03-18T08:26:29","slug":"blog","status":"publish","type":"page","link":"https:\/\/muelleart.com\/en\/blog\/","title":{"rendered":"Blog"},"content":{"rendered":"<p>[et_pb_section fb_built=\u00bb1&#8243; _builder_version=\u00bb4.14.8&#8243; _module_preset=\u00bbdefault\u00bb background_color=\u00bb#000000&#8243; background_enable_image=\u00bboff\u00bb custom_padding=\u00bb0vw||0vw||true|false\u00bb global_colors_info=\u00bb{}\u00bb][\/et_pb_section][et_pb_section fb_built=\u00bb1&#8243; custom_padding_last_edited=\u00bbon|phone\u00bb disabled_on=\u00bboff|off|off\u00bb admin_label=\u00bbBlog\u00bb _builder_version=\u00bb4.14.8&#8243; _module_preset=\u00bbdefault\u00bb background_color=\u00bb#fbf9f4&#8243; background_enable_image=\u00bboff\u00bb background_position=\u00bbbottom_left\u00bb custom_padding=\u00bb8vw||||false|false\u00bb custom_padding_tablet=\u00bb11vw||||false|false\u00bb custom_padding_phone=\u00bb1vw||0vw||false|false\u00bb global_colors_info=\u00bb{}\u00bb][et_pb_row column_structure=\u00bb1_4,1_2,1_4&#8243; use_custom_gutter=\u00bbon\u00bb gutter_width=\u00bb2&#8243; disabled_on=\u00bboff|on|off\u00bb _builder_version=\u00bb4.14.8&#8243; _module_preset=\u00bbdefault\u00bb width=\u00bb80vw\u00bb max_width=\u00bb80vw\u00bb custom_padding=\u00bb||0px||false|false\u00bb global_colors_info=\u00bb{}\u00bb][et_pb_column type=\u00bb1_4&#8243; _builder_version=\u00bb4.9.10&#8243; _module_preset=\u00bbdefault\u00bb global_colors_info=\u00bb{}\u00bb][et_pb_image src=\u00bbhttps:\/\/muelleart.com\/wp-content\/uploads\/2022\/02\/Graffiti-Muelle-Montera-Madrid_fuente_muelleart.com_.jpg\u00bb title_text=\u00bbGraffiti-Muelle-Montera-Madrid_fuente_muelleart.com\u00bb url=\u00bbhttps:\/\/muelleart.com\/project\/muelle-de-montera\u00bb force_fullwidth=\u00bbon\u00bb _builder_version=\u00bb4.14.7&#8243; _module_preset=\u00bbdefault\u00bb global_colors_info=\u00bb{}\u00bb][\/et_pb_image][et_pb_cta title=\u00bbMuelle de Montera\u00bb button_url=\u00bbhttps:\/\/muelleart.com\/project\/muelle-de-montera\u00bb button_text=\u00bbSaber m\u00e1s\u00bb _builder_version=\u00bb4.14.8&#8243; _module_preset=\u00bbdefault\u00bb header_font=\u00bbPoppins||||||||\u00bb header_font_size=\u00bb1.5vw\u00bb header_line_height=\u00bb1.3em\u00bb background_color=\u00bb#161616&#8243; custom_button=\u00bbon\u00bb button_text_size=\u00bb1vw\u00bb button_text_color=\u00bb#161616&#8243; button_bg_color=\u00bb#FFFFFF\u00bb button_border_width=\u00bb0px\u00bb button_border_radius=\u00bb0px\u00bb button_font=\u00bbPoppins||||||||\u00bb button_custom_padding=\u00bb10px|24px|10px|24px|true|true\u00bb text_orientation=\u00bbleft\u00bb width=\u00bb18vw\u00bb width_tablet=\u00bb18vw\u00bb width_phone=\u00bb100%\u00bb width_last_edited=\u00bbon|phone\u00bb max_width=\u00bb18vw\u00bb max_width_tablet=\u00bb18vw\u00bb max_width_phone=\u00bb100%\u00bb max_width_last_edited=\u00bbon|phone\u00bb min_height=\u00bb8vw\u00bb min_height_tablet=\u00bb8vw\u00bb min_height_phone=\u00bb50%\u00bb min_height_last_edited=\u00bbon|phone\u00bb height=\u00bb13vw\u00bb height_tablet=\u00bb13vw\u00bb height_phone=\u00bb\u00bb height_last_edited=\u00bbon|phone\u00bb custom_padding=\u00bb3vw|1vw||1vw|false|true\u00bb custom_padding_tablet=\u00bb3vw|1vw||1vw|false|true\u00bb custom_padding_phone=\u00bb5vw|3vw|5vw|3vw|true|false\u00bb custom_padding_last_edited=\u00bbon|phone\u00bb header_font_size_tablet=\u00bb1.7vw\u00bb header_font_size_phone=\u00bb6vw\u00bb header_font_size_last_edited=\u00bbon|phone\u00bb button_text_size_tablet=\u00bb17px\u00bb button_text_size_phone=\u00bb4.5vw\u00bb button_text_size_last_edited=\u00bbon|desktop\u00bb locked=\u00bboff\u00bb global_colors_info=\u00bb{}\u00bb][\/et_pb_cta][\/et_pb_column][et_pb_column type=\u00bb1_2&#8243; _builder_version=\u00bb4.9.10&#8243; _module_preset=\u00bbdefault\u00bb global_colors_info=\u00bb{}\u00bb][et_pb_image src=\u00bbhttps:\/\/muelleart.com\/wp-content\/uploads\/2022\/02\/revistas-muelle-imagen-jeosm.jpg\u00bb disabled_on=\u00bbon|on|off\u00bb _builder_version=\u00bb4.14.8&#8243; _module_preset=\u00bbdefault\u00bb width=\u00bb39vw\u00bb max_width=\u00bb39vw\u00bb min_height=\u00bb27vw\u00bb max_height=\u00bb27vw\u00bb global_colors_info=\u00bb{}\u00bb][\/et_pb_image][\/et_pb_column][et_pb_column type=\u00bb1_4&#8243; _builder_version=\u00bb4.9.10&#8243; _module_preset=\u00bbdefault\u00bb global_colors_info=\u00bb{}\u00bb][et_pb_blurb title=\u00bbPr\u00f3xima parada&#8230; Muelle\u00bb image=\u00bbhttps:\/\/muelleart.com\/wp-content\/uploads\/2022\/02\/A-un-metro-de-ti-Juan-Carlos-Arguello-Graffiti_fuente_muelleart.com_.jpg\u00bb image_icon_width=\u00bb100vw\u00bb content_max_width=\u00bb50vw\u00bb disabled_on=\u00bbon|off|off\u00bb _builder_version=\u00bb4.14.8&#8243; _module_preset=\u00bbdefault\u00bb header_font=\u00bbPoppins|700|||||||\u00bb header_font_size=\u00bb1.4vw\u00bb header_line_height=\u00bb1.2em\u00bb body_font=\u00bbPoppins||||||||\u00bb body_text_color=\u00bb#000000&#8243; body_font_size=\u00bb1vw\u00bb body_line_height=\u00bb1.3em\u00bb animation=\u00bboff\u00bb header_font_size_tablet=\u00bb4vw\u00bb header_font_size_phone=\u00bb6vw\u00bb header_font_size_last_edited=\u00bbon|phone\u00bb body_font_size_tablet=\u00bb1vw\u00bb body_font_size_phone=\u00bb4.8vw\u00bb body_font_size_last_edited=\u00bbon|desktop\u00bb global_colors_info=\u00bb{}\u00bb]<\/p>\n<p>La estaci\u00f3n de Metro Campamento se convertir\u00e1 a lo largo de 2022 en un espacio de exposici\u00f3n en&#8230;<\/p>\n<p>[\/et_pb_blurb][et_pb_button button_url=\u00bbhttps:\/\/muelleart.com\/noticias\/proxima-estacion-muelle\/\u00bb button_text=\u00bbLeer m\u00e1s\u00bb button_alignment=\u00bbleft\u00bb button_alignment_tablet=\u00bbleft\u00bb button_alignment_phone=\u00bbleft\u00bb button_alignment_last_edited=\u00bbon|desktop\u00bb disabled_on=\u00bbon|off|off\u00bb _builder_version=\u00bb4.14.8&#8243; _module_preset=\u00bbdefault\u00bb custom_button=\u00bbon\u00bb button_text_size=\u00bb1.1vw\u00bb button_text_color=\u00bb#FFFFFF\u00bb button_bg_color=\u00bb#000000&#8243; button_border_width=\u00bb0vw\u00bb button_border_color=\u00bbRGBA(255,255,255,0)\u00bb button_border_radius=\u00bb0vw\u00bb button_letter_spacing=\u00bb0vw\u00bb button_font=\u00bbPoppins||||on|||RGBA(255,255,255,0)|\u00bb button_use_icon=\u00bboff\u00bb custom_padding=\u00bb0.4vw|0.8vw|0.4vw|0.8vw|true|true\u00bb button_text_size_tablet=\u00bb1.1vw\u00bb button_text_size_phone=\u00bb1.1vw\u00bb button_text_size_last_edited=\u00bbon|desktop\u00bb global_colors_info=\u00bb{}\u00bb][\/et_pb_button][\/et_pb_column][\/et_pb_row][\/et_pb_section][et_pb_section fb_built=\u00bb1&#8243; fullwidth=\u00bbon\u00bb _builder_version=\u00bb4.14.7&#8243; _module_preset=\u00bbdefault\u00bb background_color=\u00bb#fbf9f4&#8243; global_colors_info=\u00bb{}\u00bb][et_pb_fullwidth_portfolio fullwidth=\u00bboff\u00bb include_categories=\u00bball\u00bb show_date=\u00bboff\u00bb zoom_icon_color=\u00bb#FFFFFF\u00bb hover_overlay_color=\u00bbrgba(0,0,0,0.73)\u00bb hover_icon=\u00bb&#x4c;||divi||400&#8243; _builder_version=\u00bb4.14.8&#8243; _module_preset=\u00bbdefault\u00bb portfolio_header_font=\u00bbPoppins||||||||\u00bb portfolio_header_text_color=\u00bb#FFFFFF\u00bb portfolio_header_font_size=\u00bb1vw\u00bb title_font=\u00bbPoppins|600|||||||\u00bb title_text_color=\u00bb#FFFFFF\u00bb title_font_size=\u00bb1.5vw\u00bb title_line_height=\u00bb1.3em\u00bb caption_font=\u00bbPoppins||||||||\u00bb caption_text_color=\u00bb#FFFFFF\u00bb width=\u00bb85vw\u00bb width_tablet=\u00bb80vw\u00bb width_phone=\u00bb95vw\u00bb width_last_edited=\u00bbon|phone\u00bb max_width=\u00bb85vw\u00bb max_width_tablet=\u00bb80vw\u00bb max_width_phone=\u00bb95vw\u00bb max_width_last_edited=\u00bbon|phone\u00bb module_alignment=\u00bbcenter\u00bb min_height_tablet=\u00bb\u00bb min_height_phone=\u00bb\u00bb min_height_last_edited=\u00bbon|desktop\u00bb height_tablet=\u00bb\u00bb height_phone=\u00bb\u00bb height_last_edited=\u00bbon|desktop\u00bb custom_padding=\u00bb||9vw||false|false\u00bb portfolio_header_font_size_last_edited=\u00bboff|tablet\u00bb title_font_size_tablet=\u00bb2.4vw\u00bb title_font_size_phone=\u00bb5vw\u00bb title_font_size_last_edited=\u00bbon|phone\u00bb global_colors_info=\u00bb{}\u00bb][\/et_pb_fullwidth_portfolio][\/et_pb_section]<\/p>\n","protected":false},"excerpt":{"rendered":"<p>En este blog descubrir\u00e1s informaci\u00f3n in\u00e9dita sobre la historia de Juan Carlos Arg\u00fcello, Muelle&#8230;<\/p>","protected":false},"author":1,"featured_media":1364,"parent":0,"menu_order":0,"comment_status":"closed","ping_status":"closed","template":"","meta":{"_et_pb_use_builder":"on","_et_pb_old_content":"<!-- wp:divi\/placeholder \/-->","_et_gb_content_width":"","inline_featured_image":false,"_monsterinsights_skip_tracking":false,"_monsterinsights_sitenote_active":false,"_monsterinsights_sitenote_note":"","_monsterinsights_sitenote_category":0,"pgc_sgb_lightbox_settings":"","footnotes":""},"class_list":["post-25","page","type-page","status-publish","has-post-thumbnail","hentry"],"aioseo_notices":[],"_links":{"self":[{"href":"https:\/\/muelleart.com\/en\/wp-json\/wp\/v2\/pages\/25","targetHints":{"allow":["GET"]}}],"collection":[{"href":"https:\/\/muelleart.com\/en\/wp-json\/wp\/v2\/pages"}],"about":[{"href":"https:\/\/muelleart.com\/en\/wp-json\/wp\/v2\/types\/page"}],"author":[{"embeddable":true,"href":"https:\/\/muelleart.com\/en\/wp-json\/wp\/v2\/users\/1"}],"replies":[{"embeddable":true,"href":"https:\/\/muelleart.com\/en\/wp-json\/wp\/v2\/comments?post=25"}],"version-history":[{"count":109,"href":"https:\/\/muelleart.com\/en\/wp-json\/wp\/v2\/pages\/25\/revisions"}],"predecessor-version":[{"id":3201,"href":"https:\/\/muelleart.com\/en\/wp-json\/wp\/v2\/pages\/25\/revisions\/3201"}],"wp:featuredmedia":[{"embeddable":true,"href":"https:\/\/muelleart.com\/en\/wp-json\/wp\/v2\/media\/1364"}],"wp:attachment":[{"href":"https:\/\/muelleart.com\/en\/wp-json\/wp\/v2\/media?parent=25"}],"curies":[{"name":"wp","href":"https:\/\/api.w.org\/{rel}","templated":true}]}}